{"id":2280,"date":"2017-06-15T12:29:40","date_gmt":"2017-06-15T10:29:40","guid":{"rendered":"http:\/\/www.scatolificiogcv.it\/cookies\/"},"modified":"2022-01-17T09:09:31","modified_gmt":"2022-01-17T08:09:31","slug":"cookies","status":"publish","type":"page","link":"https:\/\/www.scatolificiogcv.it\/en\/cookies\/","title":{"rendered":"Cookies Policy"},"content":{"rendered":"<p><strong>Informativa sultrattamento deidatipersonali ex artt. 13-14 Reg.to UE2016\/679<\/strong><\/p>\n<p><strong> Soggetti Interessati: navigatori Sito Internet.<\/strong><\/p>\n<p>GRUPPO CARTOTECNICO VALDARNESE SRL nella qualit\u00e0 di Titolare del trattamento dei Suoi dati personali, ai sensi e per gli effetti del Reg.to UE 2016\/679 di seguito &#8216;GDPR&#8217;, conla presente La informa che la citata normativa prevede la tutela degli interessati rispetto al trattamento dei dati personali e che tale trattamento sar\u00e0 improntato ai principi di correttezza, liceit\u00e0, trasparenza e di tutela della Sua riservatezza e dei Suoi diritti.<\/p>\n<p>Il presente sito tratta i dati prevalentemente in base al consenso degli utenti. Il conferimento del consenso avviene tramite il banner posto in fondo alla pagina, oppure tramite l\u2019uso o la consultazione del sito, quale comportamento concludente. Con l&#8217;uso o la consultazione del sito i visitatori e gli utenti approvano la presente informativa privacy e acconsentono al trattamento dei loro dati personali in relazione alle modalit\u00e0 e alle finalit\u00e0 di seguito descritte. Tramite eventuali moduli di comunicazione o di richiesta di servizi vengono raccolti ulteriori consensi relativi alla finalit\u00e0 specifica del servizio.<\/p>\n<p>Il conferimento dei dati e quindi il consenso alla raccolta e al trattamento dei dati \u00e8 facoltativo, l&#8217;Utente pu\u00f2 negare il consenso, e pu\u00f2 revocare in qualsiasi momento un consenso gi\u00e0 fornito (tramite il banner posto a fondo pagina o le impostazioni del browser per i cookie, o il link Contatti). Tuttavia negare il consenso pu\u00f2 comportare l&#8217;impossibilit\u00e0 di erogare alcuni servizi e l&#8217;esperienza di navigazione nel sito sarebbe compromessa.<\/p>\n<p><strong>Finalit\u00e0 del trattamento<br \/>\n<\/strong>Il trattamento dei dati raccolti dal sito, oltre alle finalit\u00e0 connesse, strumentali e necessarie alla fornitura del servizio, \u00e8 volto alle seguenti finalit\u00e0:<\/p>\n<ul>\n<li>Statistica (analisi)<\/li>\n<\/ul>\n<p>Raccolta di dati e informazioni in forma esclusivamente aggregata e anonima al fine di verificare il corretto funzionamento del sito. Nessuna di queste informazioni \u00e8 correlata alla persona fisica-Utente del sito, e non ne consentono in alcun modo l&#8217;identificazione.<\/p>\n<ul>\n<li>Sicurezza<\/li>\n<\/ul>\n<p>Raccolta di dati e informazioni al fine di tutelare la sicurezza del sito (filtri antispam, firewall, rilevazione virus) e degli Utenti e per prevenire o smascherare frodi o abusi a danno del sito web. I dati sono registrati automaticamente e possono eventualmente comprendere anche dati personali (indirizzo Ip) che potrebbero essere utilizzati, conformemente alle leggi vigenti in materia, al fine di bloccare tentativi di danneggiamento al sito medesimo o di recare danno ad altri utenti, o comunque attivit\u00e0 dannose o costituenti reato. Tali dati non sono mai utilizzati per l&#8217;identificazione o la profilazione dell&#8217;Utente e vengono cancellati periodicamente.<\/p>\n<p><strong>Dati raccolti<br \/>\n<\/strong>Durante la navigazione degli Utenti possono essere raccolte le seguenti informazioni che vengono conservate nei file di log del server del sito:<\/p>\n<ul>\n<li>indirizzo internet protocol (IP);<\/li>\n<li>tipo di browser;<\/li>\n<li>parametri del dispositivo usato per connettersi al sito;<\/li>\n<li>nome dell&#8217;internet service provider (ISP);<\/li>\n<li>data e orario di visita;<\/li>\n<li>pagina web di provenienza del visitatore (referral) e di uscita;<\/li>\n<li>eventualmente il numero di<\/li>\n<\/ul>\n<p>Questi dati sono utilizzati a fini di statistica e analisi, in forma esclusivamente aggregata.<\/p>\n<p>L\u2019indirizzo IP \u00e8 utilizzato esclusivamente a fini di sicurezza e non \u00e8 incrociato con nessun altro dato.<\/p>\n<p>I dati raccolti dal sito sono trattati presso i fornitori di servizi IT se del caso debitamente nominati responsabili del trattamento dei dati, elaborando i dati per conto del titolare.<\/p>\n<p><strong>Periodo di conservazione dei dati<\/strong><br \/>\nI dati raccolti dal sito durante il suo funzionamento sono conservati per il tempo strettamente necessario a svolgere le atti vit\u00e0 precisate. Alla scadenza i dati saranno cancellati o anonimizzati, a meno che non sussistano ulteriori finalit\u00e0 per la conservazione degli stessi.<\/p>\n<p><strong>Trasferimento dei dati raccolti a terze parti<\/strong><br \/>\nI dati rilevati dal sito generalmente non vengono forniti a terzi, tranne che in casi specifici: legittima richiesta da parte dell\u2019autorit\u00e0 giudiziaria e nei soli casi previsti dalla legge; qualora sia necessario per la fornitura di uno specifico servizio richiesto dell&#8217;Utente; per l&#8217;esecuzione di controlli di sicurezza o di ottimizzazione del sito.<\/p>\n<p><strong>Trasferimento dei dati in paesi extra UE<br \/>\n<\/strong>Il presente sito potrebbe condividere alcuni dei dati raccolti con servizi localizzati al di fuori dell&#8217;area dell&#8217;Unione Europea. In particolare con Google, Facebook e Microsoft (LinkedIn) tramite i social plugin e il servizio di Google Analytics. Il trasferimento \u00e8 autorizzato in base a specifiche decisioni dell&#8217;Unione Europea e del Garante per la tutela dei dati personali, in particolare la decisione 1250\/2016 (Privacy Shield &#8211; qui la pagina informativa del Garante italiano), per cui non occorre ulteriore consenso. Le aziende sopra menzionate garantiscono la propria adesione al Privacy Shield.<\/p>\n<p><strong>Cookie<br \/>\n<\/strong>Questo sito fa uso di cookie, file di testo che vengono registrati sul terminale dell&#8217;utente oppure che consentono l&#8217;accesso ad informazioni sul terminale dell&#8217;utente. I cookie permettono di conservare informazioni sulle preferenze dei visitatori, sono utilizzati al fine di verific are il corretto funzionamento del sito e di migliorarne le funzionalit\u00e0 personalizzando il contenuto delle pagine in base al tipo del browser utilizzato, oppure per semplificarne la navigazione automatizzando le procedure (es. Login, lingua sito), ed infine per l&#8217;analisi dell&#8217;uso del sito da parte dei visi tatori.<\/p>\n<p>Il presente sito fa uso delle seguenti categorie di cookie:<\/p>\n<ul>\n<li>cookie tecnici, utilizzati al solo fine di effettuare la trasmissione di una comunicazione elettronica, per garantire la corretta visualizzazione del sito e la navigazione all\u2019interno di Inoltre, consentono di distinguere tra i vari utenti collegati al fine di fornire un servizio richiesto all\u2019utente giusto (Login), e per motivi di sicurezza del sito. Alcuni di questi cookie sono eliminati alla chiusura del browser (cookie di sessione), al tri hanno una durata maggiore (come ad esempio il cookie necessario per conservazione il consenso dell\u2019utente in relazione all\u2019uso dei cookie, che dura 1 anno). Per questi cookie non occorre consenso;<\/li>\n<li>cookie di analisi, utilizzati direttamente dal gestore del sito per raccogliere informazioni, in forma aggregata, sul numero degli utenti e su come questi visitano il sito<\/li>\n<\/ul>\n<p>Cliccando OK sul banner presente al primo accesso al sito oppure navigando il sito, il visitatore acconsente espressamente al l&#8217;uso dei cookie e delle tecnologie similari, e in particolare alla registrazione di tali cookie sul suo terminale per le finalit\u00e0 sopra indicate, oppure all&#8217;accesso tramite i cookie ad informazioni sul suo terminale.<\/p>\n<p><strong>Disabilitazione cookie<br \/>\n<\/strong>Gestione dei cookie: nel caso in cui Lei abbia dubbi o preoccupazioni in merito all&#8217;utilizzo dei cookie Le \u00e8 sempre possibile intervenire per impedirne l&#8217;impostazione e la lettura, ad esempio modificando le impostazioni sulla privacy all&#8217;interno del Suo browser al fine di bloccarne determinati tipi.<\/p>\n<p>Poich\u00e9 ciascun browser &#8211; e spesso diverse versioni dello stesso browser &#8211; differiscono anche sensibilmente le une dalle altre se preferisce agire autonomamente mediante le preferenze del Suo browser pu\u00f2 trovare informazioni dettagliate sulla procedura necessaria nella guida del Suo browser. Per una panoramica delle modalit\u00e0 di azione per i browser pi\u00f9 comuni, pu\u00f2 visitare l&#8217;indirizzo <a href=\"http:\/\/www.cookiepedia.co.uk\/\">www.cookiepedia.co.uk.<\/a><\/p>\n<p>Le societ\u00e0 pubblicitarie consentono inoltre di rinunciare alla ricezione di annunci mirati, se lo si desidera. Ci\u00f2 non impedisce l&#8217;impostazione dei cookie, ma interrompe l&#8217;utilizzo e la raccolta di alcuni dati da parte di tali societ\u00e0.<\/p>\n<p>Per maggiori informazioni e possibilit\u00e0 di rinuncia, visitare l&#8217;indirizzo <a href=\"http:\/\/www.youronlinechoices.eu\/\">www.youronlinechoices.eu\/.<\/a><\/p>\n<p><strong>Cookie di terze parti<br \/>\n<\/strong>Questo sito funge anche da intermediario per cookie di terze parti (come i pulsanti per i social network), utilizzati per poter fornire ulteriori servizi e funzionalit\u00e0 ai visitatori e per semplificare l&#8217;uso del sito stesso, o per fornire pubblicit\u00e0 personalizzata. Questo sito non ha alcun controllo sui loro cookie interamente gestiti dalle terze parti e non ha accesso alle informazioni raccolte tramite detti cookie. Le informazioni sull&#8217;uso dei detti cookie e sulle finalit\u00e0 degli stessi, nonch\u00e9 sulle modalit\u00e0 per l&#8217;eventuale disabilitazione, sono fornite direttamente dalle terze parti alle pagine indicate di seguito.<\/p>\n<p>Si rammenta che generalmente il tracciamento degli utenti non comporta identificazione dello stesso, a meno che l&#8217;Utente non sia gi\u00e0 iscritto al servizio e non sia anche gi\u00e0 loggato, nel qual caso si intende che l&#8217;Utente ha gi\u00e0 espresso il suo consenso direttamente alla terza parte al momento dell&#8217;iscrizione al relativo servizio (es. Facebook).<\/p>\n<p>Il presente sito utilizza cookie delle seguenti terze parti: Google Analytics.<\/p>\n<p><strong>Misure di sicurezza<br \/>\n<\/strong>Trattiamo i dati dei visitatori\/utenti in maniera lecita e corretta, adottando le opportune misure di sicurezza volte ad impedire accessi non autorizzati, divulgazione, modifica o distruzione non autorizzata dei dati. Oltre al Titolare, in alcuni casi, potrebbero avere accesso ai dati categorie di incaricati coinvolti nell\u2019organizzazione del sito ovvero soggetti esterni (come fornitori di servizi tecnici terzi, hosting provider). Ogni trattamento avviene nel rispetto delle modalit\u00e0 di cui agli artt. 6, 32 del GDPR e mediante l&#8217;adozione delle adeguate misure di sicurezza previste.<\/p>\n<p>Titolare: il Titolare del trattamento dei dati, ai sensi della Legge, \u00e8 GRUPPO CARTOTECNICO VALDARNESE SRL (Via del Bacio 16 52021 Bucine (AR) Tel: +39 055 9789355 &#8211; Fax: +39 055 e-mail: <a href=\"mailto:amministrazione@scatolificiogcv.it\">amministrazione@scatolificiogcv.it<\/a> &#8211; <a href=\"mailto:gcvsrl@cgn.legalmail.it\">gcvsrl@cgn.legalmail.it.<\/a><\/p>\n<p>&nbsp;<\/p>\n<p><strong>Reg.to UE 2016\/679:Artt. 15, 16, 17, 18, 19, 20, 21, 22 &#8211; Diritti dell&#8217;Interessato.<\/strong><\/p>\n<p>Lei pu\u00f2 esercitare i diritti indicati dal Regolamento, Capo III del GDPR, ed in particolare:<\/p>\n<ul>\n<li>Diritto di accesso: diritto di ottenere conferma che sia o meno in corso un trattamento di dati personali che La riguardano e, in caso affermativo, ricevere varie informazioni, tra cui, la finalit\u00e0 del trattamento, le categorie di dati personali trattati e il periodo di conservazione, i destinatari cui questi possono essere comunicati (articolo 15);<\/li>\n<li>Diritto di rettifica: ottenere, senza ingiustificato ritardo, la rettifica dei dati personali inesatti che La riguardano e l&#8217;integrazi one dei dati personali incompleti (articolo 16);<\/li>\n<li>Diritto alla cancellazione: ottenere, senza ingiustificato ritardo, la cancellazione dei dati personali che La riguardano, nei casi previsti dal Regolamento (articolo 17);<\/li>\n<li>Diritto di limitazione: ottenere la limitazione del trattamento, nei casi previsti dal Regolamento (articolo 18);<\/li>\n<li>Diritto alla portabilit\u00e0: ricevere in un formato strutturato, di uso comune e leggibile da un dispositivo automatico, i dati personali che La riguardano e di ottenere che gli stessi siano trasmessi ad altro titolare senza impedimenti, nei casi previsti dal Regolamento (articolo 20);<\/li>\n<li>Diritto di opposizione: opporsi al trattamento dei dati personali che La riguardano, salvo che sussistano motivi legittimi per il Titolare di continuare il trattamento (articolo 21);<\/li>\n<li>Diritto di proporre reclamo all&#8217;autorit\u00e0 di controllo: proporre reclamo all&#8217;Autorit\u00e0 Garante per la protezione dei dati personali, Piazza di Montecitorio 121, 00186, Roma (RM) &#8211; <a href=\"http:\/\/www.garanteprivacy.it\/\">www.garanteprivacy.it.<\/a><\/li>\n<\/ul>\n<p>Lei potr\u00e0 esercitare tali diritti mediante il semplice invio di una richiesta via e-mail o cartacea ai seguenti recapiti GRUPPO CARTOTECNICO VALDARNESE SRL (Via del Bacio 16 52021 Bucine (AR) Tel: +39 055 9789355 &#8211; Fax: +39 055 e-mail: <a href=\"mailto:amministrazione@scatolificiogcv.it\">amministrazione@scatolificiogcv.it<\/a> &#8211; <a href=\"mailto:gcvsrl@cgn.legalmail.it\">gcvsrl@cgn.legalmail.it<\/a><\/p>\n<script id=\"CookieDeclaration\" src=\"https:\/\/consent.cookiebot.com\/44bb56f3-daa2-4aa3-9941-3d60a463c448\/cd.js\" type=\"text\/javascript\" async><\/script>\n","protected":false},"excerpt":{"rendered":"<p>Informativa sultrattamento deidatipersonali ex artt. 13-14 Reg.to UE2016\/679 Soggetti Interessati: navigatori Sito Internet. GRUPPO CARTOTECNICO VALDARNESE SRL nella qualit\u00e0 di Titolare del trattamento dei Suoi dati personali, ai sensi e per gli effetti del Reg.to UE 2016\/679 di seguito &#8216;GDPR&#8217;, conla presente La informa che&#8230;<\/p>\n","protected":false},"author":1,"featured_media":0,"parent":0,"menu_order":0,"comment_status":"closed","ping_status":"closed","template":"","meta":[],"_links":{"self":[{"href":"https:\/\/www.scatolificiogcv.it\/en\/wp-json\/wp\/v2\/pages\/2280"}],"collection":[{"href":"https:\/\/www.scatolificiogcv.it\/en\/wp-json\/wp\/v2\/pages"}],"about":[{"href":"https:\/\/www.scatolificiogcv.it\/en\/wp-json\/wp\/v2\/types\/page"}],"author":[{"embeddable":true,"href":"https:\/\/www.scatolificiogcv.it\/en\/wp-json\/wp\/v2\/users\/1"}],"replies":[{"embeddable":true,"href":"https:\/\/www.scatolificiogcv.it\/en\/wp-json\/wp\/v2\/comments?post=2280"}],"version-history":[{"count":4,"href":"https:\/\/www.scatolificiogcv.it\/en\/wp-json\/wp\/v2\/pages\/2280\/revisions"}],"predecessor-version":[{"id":2575,"href":"https:\/\/www.scatolificiogcv.it\/en\/wp-json\/wp\/v2\/pages\/2280\/revisions\/2575"}],"wp:attachment":[{"href":"https:\/\/www.scatolificiogcv.it\/en\/wp-json\/wp\/v2\/media?parent=2280"}],"curies":[{"name":"wp","href":"https:\/\/api.w.org\/{rel}","templated":true}]}}